{"id":6516,"date":"2023-03-23T18:13:41","date_gmt":"2023-03-23T13:13:41","guid":{"rendered":"http:\/\/www.securityworld.uz\/?post_type=product&#038;p=6516"},"modified":"2023-05-04T07:35:44","modified_gmt":"2023-05-04T02:35:44","slug":"ds-k1t341am","status":"publish","type":"product","link":"https:\/\/www.securityworld.uz\/?product=ds-k1t341am","title":{"rendered":"DS-K1T341AM"},"content":{"rendered":"<p>\u041e\u0441\u043e\u0431\u0435\u043d\u043d\u043e\u0441\u0442\u0438: \u041f\u0440\u0435\u0434\u0443\u043f\u0440\u0435\u0436\u0434 \u043e \u043d\u043e\u0448\u0435\u043d\u0438\u0438 \u043c\u0430\u0441\u043a\u0438 \u0434\u043b\u044f \u043b\u0438\u0446\u0430:\u0435\u0441\u043b\u0438 \u0440\u0430\u0441\u043f\u043e\u0437\u043d\u0430\u044e\u0449\u0435\u0435 \u043b\u0438\u0446\u043e \u043d\u0435 \u043d\u043e\u0441\u0438\u0442 \u043c\u0430\u0441\u043a\u0443, \u0443\u0441\u0442\u0440\u043e\u0439\u0441\u0442\u0432\u043e \u0432\u044b\u0434\u0430\u0441\u0442 \u0433\u043e\u043b\u043e\u0441\u043e\u0432\u043e\u0435 \u043d\u0430\u043f\u043e\u043c\u0438\u043d.\u0412 \u0442\u043e \u0436\u0435 \u0432\u0440\u0435\u043c\u044f \u0430\u0443\u0442\u0435\u043d\u0442\u0438\u0444\u0438\u043a\u0430\u0446\u0438\u044f \u0438\u043b\u0438 \u044f\u0432\u043a\u0430 \u0434\u0435\u0439\u0441\u0442\u0432\u0438\u0442\u0435\u043b\u044c\u043d\u044b. \u041f\u0440\u0435\u0434\u0443\u043f\u0440 \u043e \u043f\u0440\u0438\u043d\u0443\u0434\u0438\u0442\u0435\u043b\u044c\u043d\u043e\u043c \u043d\u043e\u0448\u0435\u043d\u0438\u0438 \u043c\u0430\u0441\u043a\u0438: \u0435\u0441\u043b\u0438 \u0440\u0430\u0441\u043f\u043e\u0437\u043d \u043b\u0438\u0446\u043e \u043d\u0435 \u043d\u043e\u0441\u0438\u0442 \u043c\u0430\u0441\u043a\u0443, \u0443\u0441\u0442\u0440\u043e\u0439\u0441\u0442 \u0432\u044b\u0434\u0430\u0441\u0442 \u0433\u043e\u043b\u043e\u0441 \u0412 \u0442\u043e \u0436\u0435 \u0432\u0440\u0435\u043c\u044f \u0430\u0443\u0442\u0435\u043d\u0442\u0438\u0444\u0438\u043a \u0438\u043b\u0438 \u044f\u0432\u043a\u0430 \u043d\u0435 \u0431\u0443\u0434\u0443\u0442 \u0432\u044b\u043f\u043e\u043b\u043d\u0435\u043d\u044b. \u0410\u043d\u0442\u0438-\u0441\u043f\u0443\u0444\u0438\u043d\u0433 \u043b\u0438\u0446\u0430 \u0420\u0430\u0437\u0440\u0435\u0448\u0435\u043d\u0438\u0435: 800 \u00d7 480, \u041e\u0431\u044a\u0435\u043a\u0442\u0438\u0432: \u00d7 2, \u0410\u0443\u0434\u0438\u043e\u0432\u0445\u043e\u0434: \u0432\u0441\u0442\u0440\u043e\u0435\u043d\u043d\u044b\u0439 \u0432\u0441\u0435\u043d\u0430\u043f\u0440\u0430\u0432\u043b\u0435\u043d\u043d\u044b\u0439 \u043c\u0438\u043a\u0440\u043e\u0444\u043e\u043d,\u0410\u0443\u0434\u0438\u043e\u0432\u044b\u0445\u043e\u0434: \u0432\u0441\u0442\u0440\u043e\u0435\u043d \u0434\u0438\u043d\u0430\u043c\u0438\u043a,\u0420\u0435\u0433\u0443\u043b\u0438\u0440\u043e\u0432\u043a\u0430 \u0433\u0440\u043e\u043c\u043a\u043e\u0441\u0442\u0438:\u0440\u0435\u0433\u0443\u043b\u0438\u0440\u043e\u0432\u043a\u0430 \u0447\u0435\u0440\u0435\u0437 \u0443\u0441\u0442\u0440\u043e\u0439\u0441\u0442 \u0438\u043b\u0438 \u043a\u043b\u0438\u0435\u043d\u0442,\u041f\u0440\u043e\u0432\u043e\u0434\u043d\u0430\u044f \u0441\u0435\u0442\u044c:10 M\/100M\/1000M,\u0441\u0430\u043c\u043e\u0430\u0434\u0430\u043f\u0442\u0438\u0432\u043d\u0430\u044f,\u0421\u0435\u0442\u0435\u0432\u043e\u0439 \u0438\u043d\u0442\u0435\u0440\u0444\u0435\u0439\u0441:\u00d71 RJ45,RS-485:\u00d71,USB:\u00d71,USB2.0, \u041c\u0430\u043a\u0441.3000 \u043b\u0438\u0446,\u041c\u0430\u043a\u0441.3000 \u043a\u0430\u0440\u0442; \u0421\u043e\u0431\u044b\u0442\u0438\u0439: 150 000,\u0422\u0438\u043f \u043a\u0430\u0440\u0442\u044b: Mifare1,\u0420\u0430\u0441\u0441\u0442\u043e\u044f\u043d \u0447\u0442\u0435\u043d\u0438\u044f \u043a\u0430\u0440\u0442\u044b:\u043e\u0442 \u0434\u043e 3\u0441\u043c,\u0420\u0430\u0441\u0441\u0442\u043e\u044f\u043d \u0440\u0430\u0441\u043f\u043e\u0437\u043d\u0430\u0432\u0430\u043d\u0438\u044f \u043b\u0438\u0446\u0430:\u043e\u0442 0,3-1,5\u043c,:12\u0412,-30\u00b0C-60 \u00b0C,\u0417\u0430\u0449\u0438\u0442\u0430: IP65<\/p>\n","protected":false},"excerpt":{"rendered":"<p>\u0422\u0435\u0440\u043c\u0438\u043d\u0430\u043b \u0440\u0430\u0441\u043f\u043e\u0437\u043d\u0430\u0432\u0430\u043d\u0438\u044f \u043b\u0438\u0446, 4,3-\u0434\u044e\u0439\u043c\u043e\u0432\u044b\u0439 \u0441\u0435\u043d\u0441\u043e\u0440\u043d\u044b\u0439 \u0416\u041a-\u044d\u043a\u0440\u0430\u043d, 2MP \u0448\u0438\u0440\u043e\u043a\u043e\u0443\u0433\u043e\u043b\u044c\u043d\u0430\u044f<\/p>\n<h6>\u0421\u0432\u044f\u0436\u0438\u0442\u0435\u0441\u044c \u0441 \u043d\u0430\u0448\u0438\u043c\u0438 \u043c\u0435\u043d\u0435\u0434\u0436\u0435\u0440\u0430\u043c\u0438:<\/h6>\n<h6>\u0423\u0442\u043e\u0447\u043d\u0438\u0442\u0435 \u0430\u043a\u0442\u0443\u0430\u043b\u044c\u043d\u044b\u0435 \u0446\u0435\u043d\u044b.<\/h6>\n<h6>\u041f\u043e\u043b\u0443\u0447\u0438\u0442\u0435 \u043f\u0440\u043e\u0444\u0435\u0441\u0441\u0438\u043e\u043d\u0430\u043b\u044c\u043d\u0443\u044e \u043a\u043e\u043d\u0441\u0443\u043b\u044c\u0442\u0430\u0446\u0438\u044e.<\/h6>\n<h6><a href=\"tel:+998938888888\">\u0420\u043e\u0431\u0435\u0440\u0442: +998938888888<\/a><\/h6>\n<h6><a href=\"tel:+998946667095\">\u0410\u043b\u0435\u043a\u0441\u0430\u043d\u0434\u0440: +998946667095<\/a><\/h6>\n<h6><a href=\"tel:+998937777277\">\u0410\u0440\u0442\u0435\u043c: +998937777277<\/a><\/h6>\n<h6><a href=\"tel:+998946661166\">\u041c\u0430\u043a\u0441\u0438\u043c: +998946661166<\/a><\/h6>\n","protected":false},"featured_media":6518,"comment_status":"open","ping_status":"closed","template":"","meta":{"site-sidebar-layout":"default","site-content-layout":"default","ast-site-content-layout":"","site-content-style":"default","site-sidebar-style":"default","ast-global-header-display":"","ast-banner-title-visibility":"","ast-main-header-display":"","ast-hfb-above-header-display":"","ast-hfb-below-header-display":"","ast-hfb-mobile-header-display":"","site-post-title":"","ast-breadcrumbs-content":"","ast-featured-img":"","footer-sml-layout":"","theme-transparent-header-meta":"default","adv-header-id-meta":"","stick-header-meta":"","header-above-stick-meta":"","header-main-stick-meta":"","header-below-stick-meta":"","astra-migrate-meta-layouts":"default","ast-page-background-enabled":"default","ast-page-background-meta":{"desktop":{"background-color":"","background-image":"","background-repeat":"repeat","background-position":"center center","background-size":"auto","background-attachment":"scroll","background-type":"","background-media":"","overlay-type":"","overlay-color":"","overlay-opacity":"","overlay-gradient":""},"tablet":{"background-color":"","background-image":"","background-repeat":"repeat","background-position":"center center","background-size":"auto","background-attachment":"scroll","background-type":"","background-media":"","overlay-type":"","overlay-color":"","overlay-opacity":"","overlay-gradient":""},"mobile":{"background-color":"","background-image":"","background-repeat":"repeat","background-position":"center center","background-size":"auto","background-attachment":"scroll","background-type":"","background-media":"","overlay-type":"","overlay-color":"","overlay-opacity":"","overlay-gradient":""}},"ast-content-background-meta":{"desktop":{"background-color":"var(--ast-global-color-5)","background-image":"","background-repeat":"repeat","background-position":"center center","background-size":"auto","background-attachment":"scroll","background-type":"","background-media":"","overlay-type":"","overlay-color":"","overlay-opacity":"","overlay-gradient":""},"tablet":{"background-color":"var(--ast-global-color-5)","background-image":"","background-repeat":"repeat","background-position":"center center","background-size":"auto","background-attachment":"scroll","background-type":"","background-media":"","overlay-type":"","overlay-color":"","overlay-opacity":"","overlay-gradient":""},"mobile":{"background-color":"var(--ast-global-color-5)","background-image":"","background-repeat":"repeat","background-position":"center center","background-size":"auto","background-attachment":"scroll","background-type":"","background-media":"","overlay-type":"","overlay-color":"","overlay-opacity":"","overlay-gradient":""}}},"product_brand":[],"product_cat":[102],"product_tag":[165],"class_list":{"0":"post-6516","1":"product","2":"type-product","3":"status-publish","4":"has-post-thumbnail","6":"product_cat--face-id","7":"product_tag-hikvision","8":"desktop-align-left","9":"tablet-align-left","10":"mobile-align-left","12":"first","13":"instock","14":"shipping-taxable","15":"purchasable","16":"product-type-simple"},"jetpack_sharing_enabled":true,"_links":{"self":[{"href":"https:\/\/www.securityworld.uz\/index.php?rest_route=\/wp\/v2\/product\/6516"}],"collection":[{"href":"https:\/\/www.securityworld.uz\/index.php?rest_route=\/wp\/v2\/product"}],"about":[{"href":"https:\/\/www.securityworld.uz\/index.php?rest_route=\/wp\/v2\/types\/product"}],"replies":[{"embeddable":true,"href":"https:\/\/www.securityworld.uz\/index.php?rest_route=%2Fwp%2Fv2%2Fcomments&post=6516"}],"version-history":[{"count":1,"href":"https:\/\/www.securityworld.uz\/index.php?rest_route=\/wp\/v2\/product\/6516\/revisions"}],"predecessor-version":[{"id":6519,"href":"https:\/\/www.securityworld.uz\/index.php?rest_route=\/wp\/v2\/product\/6516\/revisions\/6519"}],"wp:featuredmedia":[{"embeddable":true,"href":"https:\/\/www.securityworld.uz\/index.php?rest_route=\/wp\/v2\/media\/6518"}],"wp:attachment":[{"href":"https:\/\/www.securityworld.uz\/index.php?rest_route=%2Fwp%2Fv2%2Fmedia&parent=6516"}],"wp:term":[{"taxonomy":"product_brand","embeddable":true,"href":"https:\/\/www.securityworld.uz\/index.php?rest_route=%2Fwp%2Fv2%2Fproduct_brand&post=6516"},{"taxonomy":"product_cat","embeddable":true,"href":"https:\/\/www.securityworld.uz\/index.php?rest_route=%2Fwp%2Fv2%2Fproduct_cat&post=6516"},{"taxonomy":"product_tag","embeddable":true,"href":"https:\/\/www.securityworld.uz\/index.php?rest_route=%2Fwp%2Fv2%2Fproduct_tag&post=6516"}],"curies":[{"name":"wp","href":"https:\/\/api.w.org\/{rel}","templated":true}]}}