{"id":7217,"date":"2023-04-06T17:54:25","date_gmt":"2023-04-06T12:54:25","guid":{"rendered":"http:\/\/www.securityworld.uz\/?post_type=product&#038;p=7217"},"modified":"2023-04-24T10:15:16","modified_gmt":"2023-04-24T05:15:16","slug":"%d1%81%d0%ba%d0%be%d1%80%d0%be%d1%81%d1%82%d0%bd%d0%b0%d1%8f-%d1%81%d0%b5%d1%82%d0%b5%d0%b2%d0%b0%d1%8f-%d0%ba%d1%83%d0%bf%d0%be%d0%bb%d1%8c%d0%bd%d0%b0%d1%8f-%d0%ba%d0%b0%d0%bc%d0%b5%d1%80%d0%b0-2","status":"publish","type":"product","link":"https:\/\/www.securityworld.uz\/?product=%d1%81%d0%ba%d0%be%d1%80%d0%be%d1%81%d1%82%d0%bd%d0%b0%d1%8f-%d1%81%d0%b5%d1%82%d0%b5%d0%b2%d0%b0%d1%8f-%d0%ba%d1%83%d0%bf%d0%be%d0%bb%d1%8c%d0%bd%d0%b0%d1%8f-%d0%ba%d0%b0%d0%bc%d0%b5%d1%80%d0%b0-2","title":{"rendered":"\u0421\u043a\u043e\u0440\u043e\u0441\u0442\u043d\u0430\u044f \u0441\u0435\u0442\u0435\u0432\u0430\u044f \u043a\u0443\u043f\u043e\u043b\u044c\u043d\u0430\u044f \u043a\u0430\u043c\u0435\u0440\u0430 \u0441 \u0418\u041a-\u043f\u043e\u0434\u0441\u0432\u0435\u0442\u043a\u043e\u0439, 4 \u041c\u041f HIKVISION DS-2DE4415IW-DE"},"content":{"rendered":"<div data-test='contact-form' id='contact-form-7217' class='wp-block-jetpack-contact-form-container '>\n<form action='https:\/\/www.securityworld.uz\/?product=%d1%81%d0%ba%d0%be%d1%80%d0%be%d1%81%d1%82%d0%bd%d0%b0%d1%8f-%d1%81%d0%b5%d1%82%d0%b5%d0%b2%d0%b0%d1%8f-%d0%ba%d1%83%d0%bf%d0%be%d0%bb%d1%8c%d0%bd%d0%b0%d1%8f-%d0%ba%d0%b0%d0%bc%d0%b5%d1%80%d0%b0-2#contact-form-7217' method='post' class='contact-form commentsblock' aria-label=\"\u0421\u043a\u043e\u0440\u043e\u0441\u0442\u043d\u0430\u044f \u0441\u0435\u0442\u0435\u0432\u0430\u044f \u043a\u0443\u043f\u043e\u043b\u044c\u043d\u0430\u044f \u043a\u0430\u043c\u0435\u0440\u0430 \u0441 \u0418\u041a-\u043f\u043e\u0434\u0441\u0432\u0435\u0442\u043a\u043e\u0439, 4 \u041c\u041f HIKVISION DS-2DE4415IW-DE\" novalidate>\n\n<div style=\"\" class='grunion-field-name-wrap grunion-field-wrap'  >\n<label\n\t\t\t\tfor='g7217'\n\t\t\t\tclass='grunion-field-label name'>\u0418\u043c\u044f<span class=\"grunion-label-required\" aria-hidden=\"true\">(\u043e\u0431\u044f\u0437\u0430\u0442\u0435\u043b\u044c\u043d\u043e)<\/span><\/label>\n<input\n\t\t\t\t\ttype='text'\n\t\t\t\t\tname='g7217'\n\t\t\t\t\tid='g7217'\n\t\t\t\t\tvalue=''\n\t\t\t\t\tclass='name  grunion-field' \n\t\t\t\t\trequired aria-required='true' \/>\n\t<\/div>\n\n<div style=\"\" class='grunion-field-email-wrap grunion-field-wrap'  >\n<label\n\t\t\t\tfor='g7217-email'\n\t\t\t\tclass='grunion-field-label email'>Email<span class=\"grunion-label-required\" aria-hidden=\"true\">(\u043e\u0431\u044f\u0437\u0430\u0442\u0435\u043b\u044c\u043d\u043e)<\/span><\/label>\n<input\n\t\t\t\t\ttype='email'\n\t\t\t\t\tname='g7217-email'\n\t\t\t\t\tid='g7217-email'\n\t\t\t\t\tvalue=''\n\t\t\t\t\tclass='email  grunion-field' \n\t\t\t\t\trequired aria-required='true' \/>\n\t<\/div>\n\n<div style=\"\" class='grunion-field-url-wrap grunion-field-wrap'  >\n<label\n\t\t\t\tfor='g7217-1'\n\t\t\t\tclass='grunion-field-label url'>\u0421\u0430\u0439\u0442<\/label>\n<input\n\t\t\t\t\ttype='text'\n\t\t\t\t\tname='g7217-1'\n\t\t\t\t\tid='g7217-1'\n\t\t\t\t\tvalue=''\n\t\t\t\t\tclass='url  grunion-field' \n\t\t\t\t\ttitle=\"\u0412\u0432\u0435\u0434\u0438\u0442\u0435 \u0434\u0435\u0439\u0441\u0442\u0432\u0438\u0442\u0435\u043b\u044c\u043d\u044b\u0439 URL-\u0430\u0434\u0440\u0435\u0441 \u0432 \u0444\u043e\u0440\u043c\u0430\u0442\u0435 https:\/\/www.example.com\" oninvalid=\"setCustomValidity(&quot;\u0412\u0432\u0435\u0434\u0438\u0442\u0435 \u0434\u0435\u0439\u0441\u0442\u0432\u0438\u0442\u0435\u043b\u044c\u043d\u044b\u0439 URL-\u0430\u0434\u0440\u0435\u0441 \u0432 \u0444\u043e\u0440\u043c\u0430\u0442\u0435 https:\/\/www.example.com&quot;)\" oninput=\"setCustomValidity(&quot;&quot;)\" pattern=\"(?:(?:[Hh][Tt][Tt][Pp][Ss]?|[Ff][Tt][Pp]):\\\/\\\/)?(?:\\S+(?::\\S*)?@|\\d{1,3}(?:\\.\\d{1,3}){3}|(?:(?:[a-zA-Z\\d\\u00a1-\\uffff]+-?)*[a-zA-Z\\d\\u00a1-\\uffff]+)(?:\\.(?:[a-zA-Z\\d\\u00a1-\\uffff]+-?)*[a-zA-Z\\d\\u00a1-\\uffff]+)*(?:\\.[a-zA-Z\\u00a1-\\uffff]{2,6}))(?::\\d+)?(?:[^\\s]*)?\" data-type-override=\"url\"  \/>\n\t<\/div>\n\n<div style=\"\" class='grunion-field-textarea-wrap grunion-field-wrap'  >\n<label\n\t\t\t\tfor='contact-form-comment-g7217-2'\n\t\t\t\tclass='grunion-field-label textarea'>\u0421\u043e\u043e\u0431\u0449\u0435\u043d\u0438\u0435<\/label>\n<textarea\n\t\t                style=''\n\t\t                name='g7217-2'\n\t\t                id='contact-form-comment-g7217-2'\n\t\t                rows='20' class='textarea  grunion-field'  ><\/textarea>\n\t<\/div>\n\t<p class='contact-submit'>\n\t\t<button type='submit' class='pushbutton-wide'>\u041e\u0442\u043f\u0440\u0430\u0432\u0438\u0442\u044c<\/button>\t\t<input type='hidden' name='contact-form-id' value='7217' \/>\n\t\t<input type='hidden' name='action' value='grunion-contact-form' \/>\n\t\t<input type='hidden' name='contact-form-hash' value='e3c0b8179d6b27cbc47c7632effa3660e0c26dff' \/>\n\t<\/p>\n<\/form>\n<\/div>\n<p>\u0421\u043a\u043e\u0440\u043e\u0441\u0442\u043d\u0430\u044f \u0441\u0435\u0442\u0435\u0432\u0430\u044f \u043a\u0443\u043f\u043e\u043b\u044c\u043d\u0430\u044f \u043a\u0430\u043c\u0435\u0440\u0430 \u0441 \u0418\u041a-\u043f\u043e\u0434\u0441\u0432\u0435\u0442\u043a\u043e\u0439, 4 \u041c\u041f, 15 \u00d7 1 \/ 2,8-\u0434\u044e\u0439\u043c\u043e\u0432\u044b\u0439 CMOS \u0441 \u043f\u0440\u043e\u0433\u0440\u0435\u0441\u0441\u0438\u0432\u043d\u043e\u0439 \u0440\u0430\u0437\u0432\u0435\u0440\u0442\u043a\u043e\u0439, \u0414\u043e 2560 \u00d7 1440 \u043f\u0440\u0438 \u0440\u0430\u0437\u0440\u0435\u0448\u0435\u043d\u0438\u0438 30 \u043a\u0430\u0434\u0440\u043e\u0432 \u0432 \u0441\u0435\u043a\u0443\u043d\u0434\u0443 \u041f\u0440\u0435\u0432\u043e\u0441\u0445\u043e\u0434\u043d\u0430\u044f \u043f\u0440\u043e\u0438\u0437\u0432\u043e\u0434\u0438\u0442\u0435\u043b\u044c\u043d\u043e\u0441\u0442\u044c \u043f\u0440\u0438 \u0441\u043b\u0430\u0431\u043e\u043c \u043e\u0441\u0432\u0435\u0449\u0435\u043d\u0438\u0438 \u0441 \u0442\u0435\u0445\u043d\u043e\u043b\u043e\u0433\u0438\u0435\u0439 powered by DarkFighter 15\u00d7 \u043a\u0440\u0430\u0442\u043d\u044b\u0439 \u043e\u043f\u0442\u0438\u0447\u0435\u0441\u043a\u0438\u0439 \u0437\u0443\u043c, 16\u00d7 \u043a\u0440\u0430\u0442\u043d\u044b\u0439 \u0446\u0438\u0444\u0440\u043e\u0432\u043e\u0439 \u0437\u0443\u043c \u041f\u043e\u0434\u0434\u0435\u0440\u0436\u043a\u0430 \u0441\u0436\u0430\u0442\u0438\u044f \u0432\u0438\u0434\u0435\u043e H.265 + \/ H.265 IP66 \u0414\u043d\u0435\u0432\u043d\u043e\u0439 \u0438 \u043d\u043e\u0447\u043d\u043e\u0439 \u0418\u041a-\u0444\u0438\u043b\u044c\u0442\u0440 \u0418\u041a \u0414\u0430\u043b\u044c\u043d\u043e\u0441\u0442\u044c 100 \u043c \u0418\u043d\u0442\u0435\u043b\u043b\u0435\u043a\u0442\u0443\u0430\u043b\u044c\u043d\u044b\u0439 \u0418\u041a, PTZ 360 \u00b0 \u0431\u0435\u0441\u043a\u043e\u043d\u0435\u0447\u043d\u044b\u0439, \u0411\u0438\u0442\u0440\u0435\u0439\u0442 \u0432\u0438\u0434\u0435\u043e \u043e\u0442 256 \u043a\u0431\u0438\u0442 \/ \u0441 \u0434\u043e 16384 \u043a\u0431\u0438\u0442 \/ \u0441 \u041c\u0430\u043a\u0441\u0438\u043c\u0443\u043c. \u0420\u0430\u0437\u0440\u0435\u0448\u0435\u043d\u0438\u0435 2560 \u00d7 1440 50Hz: 25fps(2560 \u00d7 1440), 60Hz: 30fps(2560 \u00d7 1440) \u041a\u043b\u0438\u0435\u043d\u0442: iVMS-4200, iVMS-4500, iVMS-5200, Hik-Connect \u0418\u043d\u0442\u0435\u0440\u0444\u0435\u0439\u0441: 1 RJ45 10 M\/100 M Ethernet, PoE (802.3 at, class4) \u0420\u0430\u0431\u043e\u0447\u0430\u044f \u0442\u0435\u043c\u043f\u0435\u0440\u0430\u0442\u0443\u0440\u0430: \u043e\u0442 -30 \u00b0 C \u0434\u043e 65 \u00b0 C \u0412\u0435\u0441:2\u043a\u0433<\/p>\n","protected":false},"excerpt":{"rendered":"<h6>\u0421\u0432\u044f\u0436\u0438\u0442\u0435\u0441\u044c \u0441 \u043d\u0430\u0448\u0438\u043c\u0438 \u043c\u0435\u043d\u0435\u0434\u0436\u0435\u0440\u0430\u043c\u0438:<\/h6>\n<h6>\u0423\u0442\u043e\u0447\u043d\u0438\u0442\u0435 \u0430\u043a\u0442\u0443\u0430\u043b\u044c\u043d\u044b\u0435 \u0446\u0435\u043d\u044b.<\/h6>\n<h6>\u041f\u043e\u043b\u0443\u0447\u0438\u0442\u0435 \u043f\u0440\u043e\u0444\u0435\u0441\u0441\u0438\u043e\u043d\u0430\u043b\u044c\u043d\u0443\u044e \u043a\u043e\u043d\u0441\u0443\u043b\u044c\u0442\u0430\u0446\u0438\u044e.<\/h6>\n<h6><a href=\"tel:+998938888888\">\u0420\u043e\u0431\u0435\u0440\u0442: +998938888888<\/a><\/h6>\n<h6><a href=\"tel:+998946667095\">\u0410\u043b\u0435\u043a\u0441\u0430\u043d\u0434\u0440: +998946667095<\/a><\/h6>\n<h6><a href=\"tel:+998937777277\">\u0410\u0440\u0442\u0435\u043c: +998937777277<\/a><\/h6>\n<h6><a href=\"tel:+998946661166\">\u041c\u0430\u043a\u0441\u0438\u043c: +998946661166<\/a><\/h6>\n","protected":false},"featured_media":7218,"comment_status":"open","ping_status":"closed","template":"","meta":{"site-sidebar-layout":"default","site-content-layout":"default","ast-site-content-layout":"","site-content-style":"default","site-sidebar-style":"default","ast-global-header-display":"","ast-banner-title-visibility":"","ast-main-header-display":"","ast-hfb-above-header-display":"","ast-hfb-below-header-display":"","ast-hfb-mobile-header-display":"","site-post-title":"","ast-breadcrumbs-content":"","ast-featured-img":"","footer-sml-layout":"","theme-transparent-header-meta":"default","adv-header-id-meta":"","stick-header-meta":"","header-above-stick-meta":"","header-main-stick-meta":"","header-below-stick-meta":"","astra-migrate-meta-layouts":"default","ast-page-background-enabled":"default","ast-page-background-meta":{"desktop":{"background-color":"","background-image":"","background-repeat":"repeat","background-position":"center center","background-size":"auto","background-attachment":"scroll","background-type":"","background-media":"","overlay-type":"","overlay-color":"","overlay-opacity":"","overlay-gradient":""},"tablet":{"background-color":"","background-image":"","background-repeat":"repeat","background-position":"center center","background-size":"auto","background-attachment":"scroll","background-type":"","background-media":"","overlay-type":"","overlay-color":"","overlay-opacity":"","overlay-gradient":""},"mobile":{"background-color":"","background-image":"","background-repeat":"repeat","background-position":"center center","background-size":"auto","background-attachment":"scroll","background-type":"","background-media":"","overlay-type":"","overlay-color":"","overlay-opacity":"","overlay-gradient":""}},"ast-content-background-meta":{"desktop":{"background-color":"var(--ast-global-color-5)","background-image":"","background-repeat":"repeat","background-position":"center center","background-size":"auto","background-attachment":"scroll","background-type":"","background-media":"","overlay-type":"","overlay-color":"","overlay-opacity":"","overlay-gradient":""},"tablet":{"background-color":"var(--ast-global-color-5)","background-image":"","background-repeat":"repeat","background-position":"center center","background-size":"auto","background-attachment":"scroll","background-type":"","background-media":"","overlay-type":"","overlay-color":"","overlay-opacity":"","overlay-gradient":""},"mobile":{"background-color":"var(--ast-global-color-5)","background-image":"","background-repeat":"repeat","background-position":"center center","background-size":"auto","background-attachment":"scroll","background-type":"","background-media":"","overlay-type":"","overlay-color":"","overlay-opacity":"","overlay-gradient":""}}},"product_brand":[],"product_cat":[178],"product_tag":[],"class_list":{"0":"post-7217","1":"product","2":"type-product","3":"status-publish","4":"has-post-thumbnail","6":"product_cat-ip-ptz","7":"desktop-align-left","8":"tablet-align-left","9":"mobile-align-left","11":"first","12":"instock","13":"shipping-taxable","14":"purchasable","15":"product-type-simple"},"jetpack_sharing_enabled":true,"_links":{"self":[{"href":"https:\/\/www.securityworld.uz\/index.php?rest_route=\/wp\/v2\/product\/7217"}],"collection":[{"href":"https:\/\/www.securityworld.uz\/index.php?rest_route=\/wp\/v2\/product"}],"about":[{"href":"https:\/\/www.securityworld.uz\/index.php?rest_route=\/wp\/v2\/types\/product"}],"replies":[{"embeddable":true,"href":"https:\/\/www.securityworld.uz\/index.php?rest_route=%2Fwp%2Fv2%2Fcomments&post=7217"}],"version-history":[{"count":2,"href":"https:\/\/www.securityworld.uz\/index.php?rest_route=\/wp\/v2\/product\/7217\/revisions"}],"predecessor-version":[{"id":7979,"href":"https:\/\/www.securityworld.uz\/index.php?rest_route=\/wp\/v2\/product\/7217\/revisions\/7979"}],"wp:featuredmedia":[{"embeddable":true,"href":"https:\/\/www.securityworld.uz\/index.php?rest_route=\/wp\/v2\/media\/7218"}],"wp:attachment":[{"href":"https:\/\/www.securityworld.uz\/index.php?rest_route=%2Fwp%2Fv2%2Fmedia&parent=7217"}],"wp:term":[{"taxonomy":"product_brand","embeddable":true,"href":"https:\/\/www.securityworld.uz\/index.php?rest_route=%2Fwp%2Fv2%2Fproduct_brand&post=7217"},{"taxonomy":"product_cat","embeddable":true,"href":"https:\/\/www.securityworld.uz\/index.php?rest_route=%2Fwp%2Fv2%2Fproduct_cat&post=7217"},{"taxonomy":"product_tag","embeddable":true,"href":"https:\/\/www.securityworld.uz\/index.php?rest_route=%2Fwp%2Fv2%2Fproduct_tag&post=7217"}],"curies":[{"name":"wp","href":"https:\/\/api.w.org\/{rel}","templated":true}]}}