{"id":7412,"date":"2023-04-06T23:37:01","date_gmt":"2023-04-06T18:37:01","guid":{"rendered":"http:\/\/www.securityworld.uz\/?post_type=product&#038;p=7412"},"modified":"2023-04-24T11:56:00","modified_gmt":"2023-04-24T06:56:00","slug":"%d0%b4%d0%b5%d0%ba%d0%be%d0%b4%d0%b5%d1%80-4%d0%ba-%d0%b4%d0%bb%d1%8f-%d0%b2%d0%b8%d0%b4%d0%b5%d0%be-%d1%81%d1%82%d0%b5%d0%bd-%d0%bd%d0%b0-4-%d0%bc%d0%be%d0%bd%d0%b8%d1%82%d0%be%d1%80%d0%b0-ds-6904udi","status":"publish","type":"product","link":"https:\/\/www.securityworld.uz\/?product=%d0%b4%d0%b5%d0%ba%d0%be%d0%b4%d0%b5%d1%80-4%d0%ba-%d0%b4%d0%bb%d1%8f-%d0%b2%d0%b8%d0%b4%d0%b5%d0%be-%d1%81%d1%82%d0%b5%d0%bd-%d0%bd%d0%b0-4-%d0%bc%d0%be%d0%bd%d0%b8%d1%82%d0%be%d1%80%d0%b0-ds-6904udi","title":{"rendered":"\u0414\u0435\u043a\u043e\u0434\u0435\u0440 4\u041a \u0434\u043b\u044f \u0432\u0438\u0434\u0435\u043e \u0441\u0442\u0435\u043d \u043d\u0430 4 \u043c\u043e\u043d\u0438\u0442\u043e\u0440\u0430 DS-6904UDI"},"content":{"rendered":"<p>\u0414\u0435\u043a\u043e\u0434\u0435\u0440 4\u041a \u0434\u043b\u044f \u0432\u0438\u0434\u0435\u043e \u0441\u0442\u0435\u043d \u043d\u0430 4 \u043c\u043e\u043d\u0438\u0442\u043e\u0440\u043e\u0432. \u0412\u0445\u043e\u0434\u043d\u044b\u0435 \u043f\u043e\u0440\u0442\u044b: HDMI, DVI-I 4K(3840 \u00d7 2160)@30 Hz (\u0442\u043e\u043b\u044c\u043a\u043e \u0434\u043b\u044f HDMI) , \u0412\u044b\u0445\u043e\u0434\u043d\u044b\u0435 \u043f\u043e\u0440\u0442\u044b: HDMI \u00d7 4, BNC \u00d7 2 (DB15 \u00d7 1) 4K(3840 \u00d7 2160)@30 Hz (\u0442\u043e\u043b\u044c\u043a\u043e \u0434\u043b\u044f HDMI). \u0421\u0435\u0442\u0435\u0432\u044b\u0435 \u0438\u043d\u0442\u0435\u0440\u0444\u0435\u0439\u0441\u044b: 2 (\u0441\u0430\u043c\u043e\u0430\u0434\u0430\u043f\u0442\u0438\u0440\u0443\u044e\u0449\u0438\u0439\u0441\u044f \u0441\u0435\u0442\u0435\u0432\u043e\u0439 \u0438\u043d\u0442\u0435\u0440\u0444\u0435\u0439\u0441 \u0443\u043f\u0440\u0430\u0432\u043b\u0435\u043d\u0438\u044f 10\/100\/1000 \u041c\u0431\u0438\u0442 \/ \u0441) 2 (\u0441\u0430\u043c\u043e\u0430\u0434\u0430\u043f\u0442\u0438\u0432\u043d\u044b\u0439 \u0438\u043d\u0442\u0435\u0440\u0444\u0435\u0439\u0441 Ethernet 10\/100\/1000 \u041c\u0431\u0438\u0442 \/ \u0441) 16 (\u0441\u0430\u043c\u043e\u0430\u0434\u0430\u043f\u0442\u0438\u0432\u043d\u044b\u0439 \u0438\u043d\u0442\u0435\u0440\u0444\u0435\u0439\u0441 Ethernet 10\/100 \u041c\u0431\u0438\u0442 \/ \u0441). \u0412\u043e\u0437\u043c\u043e\u0436\u043d\u043e\u0441\u0442\u044c \u0434\u0435\u043a\u043e\u0434\u0438\u0440\u043e\u0432\u0430\u043d\u0438\u044f: 24MP@30fps: 2-ch, 12MP@20fps: 4-ch, 8MP@30fps: 8-ch, 5MP@30fps: 12-ch, 3MP@30fps: 20-ch, 1080p: 36-ch 720p: 72-ch \u0420\u0430\u0431\u043e\u0447\u0430\u044f \u0442\u0435\u043c\u043f\u0435\u0440\u0430\u0442\u0443\u0440\u0430:-10 \u00b0C to 55 \u00b0C<\/p>\n","protected":false},"excerpt":{"rendered":"<h6>\u0421\u0432\u044f\u0436\u0438\u0442\u0435\u0441\u044c \u0441 \u043d\u0430\u0448\u0438\u043c\u0438 \u043c\u0435\u043d\u0435\u0434\u0436\u0435\u0440\u0430\u043c\u0438:<\/h6>\n<h6>\u0423\u0442\u043e\u0447\u043d\u0438\u0442\u0435 \u0430\u043a\u0442\u0443\u0430\u043b\u044c\u043d\u044b\u0435 \u0446\u0435\u043d\u044b.<\/h6>\n<h6>\u041f\u043e\u043b\u0443\u0447\u0438\u0442\u0435 \u043f\u0440\u043e\u0444\u0435\u0441\u0441\u0438\u043e\u043d\u0430\u043b\u044c\u043d\u0443\u044e \u043a\u043e\u043d\u0441\u0443\u043b\u044c\u0442\u0430\u0446\u0438\u044e.<\/h6>\n<h6><a href=\"tel:+998938888888\">\u0420\u043e\u0431\u0435\u0440\u0442: +998938888888<\/a><\/h6>\n<h6><a href=\"tel:+998946667095\">\u0410\u043b\u0435\u043a\u0441\u0430\u043d\u0434\u0440: +998946667095<\/a><\/h6>\n<h6><a href=\"tel:+998937777277\">\u0410\u0440\u0442\u0435\u043c: +998937777277<\/a><\/h6>\n<h6><a href=\"tel:+998946661166\">\u041c\u0430\u043a\u0441\u0438\u043c: +998946661166<\/a><\/h6>\n","protected":false},"featured_media":7413,"comment_status":"open","ping_status":"closed","template":"","meta":{"site-sidebar-layout":"default","site-content-layout":"default","ast-site-content-layout":"","site-content-style":"default","site-sidebar-style":"default","ast-global-header-display":"","ast-banner-title-visibility":"","ast-main-header-display":"","ast-hfb-above-header-display":"","ast-hfb-below-header-display":"","ast-hfb-mobile-header-display":"","site-post-title":"","ast-breadcrumbs-content":"","ast-featured-img":"","footer-sml-layout":"","theme-transparent-header-meta":"default","adv-header-id-meta":"","stick-header-meta":"","header-above-stick-meta":"","header-main-stick-meta":"","header-below-stick-meta":"","astra-migrate-meta-layouts":"default","ast-page-background-enabled":"default","ast-page-background-meta":{"desktop":{"background-color":"","background-image":"","background-repeat":"repeat","background-position":"center center","background-size":"auto","background-attachment":"scroll","background-type":"","background-media":"","overlay-type":"","overlay-color":"","overlay-opacity":"","overlay-gradient":""},"tablet":{"background-color":"","background-image":"","background-repeat":"repeat","background-position":"center center","background-size":"auto","background-attachment":"scroll","background-type":"","background-media":"","overlay-type":"","overlay-color":"","overlay-opacity":"","overlay-gradient":""},"mobile":{"background-color":"","background-image":"","background-repeat":"repeat","background-position":"center center","background-size":"auto","background-attachment":"scroll","background-type":"","background-media":"","overlay-type":"","overlay-color":"","overlay-opacity":"","overlay-gradient":""}},"ast-content-background-meta":{"desktop":{"background-color":"var(--ast-global-color-5)","background-image":"","background-repeat":"repeat","background-position":"center center","background-size":"auto","background-attachment":"scroll","background-type":"","background-media":"","overlay-type":"","overlay-color":"","overlay-opacity":"","overlay-gradient":""},"tablet":{"background-color":"var(--ast-global-color-5)","background-image":"","background-repeat":"repeat","background-position":"center center","background-size":"auto","background-attachment":"scroll","background-type":"","background-media":"","overlay-type":"","overlay-color":"","overlay-opacity":"","overlay-gradient":""},"mobile":{"background-color":"var(--ast-global-color-5)","background-image":"","background-repeat":"repeat","background-position":"center center","background-size":"auto","background-attachment":"scroll","background-type":"","background-media":"","overlay-type":"","overlay-color":"","overlay-opacity":"","overlay-gradient":""}}},"product_brand":[],"product_cat":[78],"product_tag":[],"class_list":{"0":"post-7412","1":"product","2":"type-product","3":"status-publish","4":"has-post-thumbnail","6":"product_cat-78","7":"desktop-align-left","8":"tablet-align-left","9":"mobile-align-left","11":"first","12":"instock","13":"shipping-taxable","14":"purchasable","15":"product-type-simple"},"jetpack_sharing_enabled":true,"_links":{"self":[{"href":"https:\/\/www.securityworld.uz\/index.php?rest_route=\/wp\/v2\/product\/7412"}],"collection":[{"href":"https:\/\/www.securityworld.uz\/index.php?rest_route=\/wp\/v2\/product"}],"about":[{"href":"https:\/\/www.securityworld.uz\/index.php?rest_route=\/wp\/v2\/types\/product"}],"replies":[{"embeddable":true,"href":"https:\/\/www.securityworld.uz\/index.php?rest_route=%2Fwp%2Fv2%2Fcomments&post=7412"}],"version-history":[{"count":2,"href":"https:\/\/www.securityworld.uz\/index.php?rest_route=\/wp\/v2\/product\/7412\/revisions"}],"predecessor-version":[{"id":7415,"href":"https:\/\/www.securityworld.uz\/index.php?rest_route=\/wp\/v2\/product\/7412\/revisions\/7415"}],"wp:featuredmedia":[{"embeddable":true,"href":"https:\/\/www.securityworld.uz\/index.php?rest_route=\/wp\/v2\/media\/7413"}],"wp:attachment":[{"href":"https:\/\/www.securityworld.uz\/index.php?rest_route=%2Fwp%2Fv2%2Fmedia&parent=7412"}],"wp:term":[{"taxonomy":"product_brand","embeddable":true,"href":"https:\/\/www.securityworld.uz\/index.php?rest_route=%2Fwp%2Fv2%2Fproduct_brand&post=7412"},{"taxonomy":"product_cat","embeddable":true,"href":"https:\/\/www.securityworld.uz\/index.php?rest_route=%2Fwp%2Fv2%2Fproduct_cat&post=7412"},{"taxonomy":"product_tag","embeddable":true,"href":"https:\/\/www.securityworld.uz\/index.php?rest_route=%2Fwp%2Fv2%2Fproduct_tag&post=7412"}],"curies":[{"name":"wp","href":"https:\/\/api.w.org\/{rel}","templated":true}]}}