{"id":7802,"date":"2023-04-10T21:23:41","date_gmt":"2023-04-10T16:23:41","guid":{"rendered":"http:\/\/www.securityworld.uz\/?post_type=product&#038;p=7802"},"modified":"2023-04-24T11:32:03","modified_gmt":"2023-04-24T06:32:03","slug":"fhd-1920x1080-55-%d0%b4%d1%8e%d0%b9%d0%bc%d0%be%d0%b2%d1%8b%d0%b9-%d0%b4%d0%b8%d1%81%d0%bf%d0%bb%d0%b5%d0%b9-%d0%b4%d0%bb%d1%8f-%d0%b2%d0%b8%d0%b4%d0%b5%d0%be%d1%81%d1%82%d0%b5%d0%bd-dahua-dhi-ls550uc","status":"publish","type":"product","link":"https:\/\/www.securityworld.uz\/?product=fhd-1920x1080-55-%d0%b4%d1%8e%d0%b9%d0%bc%d0%be%d0%b2%d1%8b%d0%b9-%d0%b4%d0%b8%d1%81%d0%bf%d0%bb%d0%b5%d0%b9-%d0%b4%d0%bb%d1%8f-%d0%b2%d0%b8%d0%b4%d0%b5%d0%be%d1%81%d1%82%d0%b5%d0%bd-dahua-dhi-ls550uc","title":{"rendered":"FHD-1920X1080 55-\u0434\u044e\u0439\u043c\u043e\u0432\u044b\u0439 \u0434\u0438\u0441\u043f\u043b\u0435\u0439 \u0434\u043b\u044f \u0432\u0438\u0434\u0435\u043e\u0441\u0442\u0435\u043d DAHUA DHI-LS550UCM-BF-MONITOR"},"content":{"rendered":"<p>FHD-1920X1080 55-\u0434\u044e\u0439\u043c\u043e\u0432\u044b\u0439 \u0434\u0438\u0441\u043f\u043b\u0435\u0439 \u0434\u043b\u044f \u0432\u0438\u0434\u0435\u043e\u0441\u0442\u0435\u043d \u0441 \u0440\u0430\u0437\u0440\u0435\u0448\u0435\u043d\u0438\u0435\u043c FHD \u0412\u0438\u0434\u0435\u043e\u0441\u0442\u0435\u043d\u0430 &#8212; 55&#8243; (\u0443\u043b\u044c\u0442\u0440\u0430\u0442\u043e\u043d\u043a\u0430\u044f \u0440\u0430\u043c\u043a\u0430) \u041b\u0438\u0446\u0435\u0432\u0430\u044f \u043f\u0430\u043d\u0435\u043b\u044c 2,3\u043c\u043c \u0441\u043b\u0435\u0432\u0430 \u0438 \u0441\u0432\u0435\u0440\u0445\u0443 \u0438 \u043b\u0438\u0446\u0435\u0432\u0430\u044f \u043f\u0430\u043d\u0435\u043b\u044c1,2\u043c\u043c \u0441\u043f\u0440\u0430\u0432\u0430 \u0438 \u0441\u043d\u0438\u0437\u0443 \u043f\u043e\u0434\u043a\u043b\u044e\u0447\u0430\u044e\u0442\u0441\u044f \u0412\u0445\u043e\u0434: CVBS (BNC)\u00d71,VGA(D-Sub)\u00d71,DVI-D\u00d71,HDMI \u00d71RS232 \u00d71USB \u00d71IR\u00d71, \u0412\u044b\u0445\u043e\u0434 : \u00d7 RS232\u00d71, \u0412\u0441\u0442\u0440\u043e\u0435\u043d\u043d\u044b\u0439 \u0444\u0438\u043b\u044c\u0442\u0440 3D COMB \u0438 3D \u0448\u0443\u043c\u043e\u043f\u043e\u0434\u0430\u0432\u0435\u043d\u0438\u0435 \u041e\u0431\u0438\u043b\u044c\u043d\u044b\u0435 \u0438\u043d\u0442\u0435\u0440\u0444\u0435\u0439\u0441 HDMI,DVI, VGA BNC \u0438\u0441\u043f\u043e\u043b\u044c\u0437\u0443\u0435\u0442\u0441\u044f \u0432 \u0426\u0423\u041f (\u0446\u0435\u043d\u0442\u0440 \u0443\u043f\u0440\u0430\u0432\u043b\u0435\u043d\u0438\u044f \u043c\u043e\u043d\u0438\u0442\u043e\u0440\u043e\u043c) \u0434\u0438\u0441\u043f\u0435\u0442\u0447\u0435\u0440\u0441\u043a\u043e\u0439 \u043f\u043b\u0430\u0442\u0444\u043e\u0440\u043c\u0435, \u0416\u041a-\u043f\u0430\u043d\u0435\u043b\u044c ADS \u043f\u0440\u043e\u043c\u044b\u0448\u043b\u0435\u043d\u043d\u043e\u0433\u043e \u0443\u0440\u043e\u0432\u043d\u044f \u0411\u0435\u0437\u043e\u043f\u0430\u0441\u043d\u043e\u043c \u0433\u043e\u0440\u043e\u0434\u0435 \u043d\u0435\u043f\u0440\u0435\u0440\u044b\u0432\u043d\u043e\u0439 \u0440\u0430\u0431\u043e\u0442\u044b 50,000 \u0447\u0430\u0441\u043e\u0432 \u0432 \u0440\u0435\u0436\u0438\u043c\u0435 24\/7 \u0420\u0430\u0437\u043c\u0435\u0440 \u043c\u043e\u043d\u0438\u0442\u043e\u0440\u043e\u0432 55&#8243;-\u0434\u043b\u0438\u043d\u0430 121,3 \u0441\u043c \u0412\u044b\u0441\u043e\u0442\u0430 68,4 \u0441\u043c. AC100V \uff5eAC240V, 50\/60 \u0413\u0446. Dahua (\u041e\u0420\u0418\u0413\u0418\u041d\u0410\u041b)<\/p>\n","protected":false},"excerpt":{"rendered":"<h6>\u0421\u0432\u044f\u0436\u0438\u0442\u0435\u0441\u044c \u0441 \u043d\u0430\u0448\u0438\u043c\u0438 \u043c\u0435\u043d\u0435\u0434\u0436\u0435\u0440\u0430\u043c\u0438:<\/h6>\n<h6>\u0423\u0442\u043e\u0447\u043d\u0438\u0442\u0435 \u0430\u043a\u0442\u0443\u0430\u043b\u044c\u043d\u044b\u0435 \u0446\u0435\u043d\u044b.<\/h6>\n<h6>\u041f\u043e\u043b\u0443\u0447\u0438\u0442\u0435 \u043f\u0440\u043e\u0444\u0435\u0441\u0441\u0438\u043e\u043d\u0430\u043b\u044c\u043d\u0443\u044e \u043a\u043e\u043d\u0441\u0443\u043b\u044c\u0442\u0430\u0446\u0438\u044e.<\/h6>\n<h6><a href=\"tel:+998938888888\">\u0420\u043e\u0431\u0435\u0440\u0442: +998938888888<\/a><\/h6>\n<h6><a href=\"tel:+998946667095\">\u0410\u043b\u0435\u043a\u0441\u0430\u043d\u0434\u0440: +998946667095<\/a><\/h6>\n<h6><a href=\"tel:+998937777277\">\u0410\u0440\u0442\u0435\u043c: +998937777277<\/a><\/h6>\n<h6><a href=\"tel:+998946661166\">\u041c\u0430\u043a\u0441\u0438\u043c: +998946661166<\/a><\/h6>\n","protected":false},"featured_media":7803,"comment_status":"open","ping_status":"closed","template":"","meta":{"site-sidebar-layout":"default","site-content-layout":"default","ast-site-content-layout":"","site-content-style":"default","site-sidebar-style":"default","ast-global-header-display":"","ast-banner-title-visibility":"","ast-main-header-display":"","ast-hfb-above-header-display":"","ast-hfb-below-header-display":"","ast-hfb-mobile-header-display":"","site-post-title":"","ast-breadcrumbs-content":"","ast-featured-img":"","footer-sml-layout":"","theme-transparent-header-meta":"default","adv-header-id-meta":"","stick-header-meta":"","header-above-stick-meta":"","header-main-stick-meta":"","header-below-stick-meta":"","astra-migrate-meta-layouts":"default","ast-page-background-enabled":"default","ast-page-background-meta":{"desktop":{"background-color":"","background-image":"","background-repeat":"repeat","background-position":"center center","background-size":"auto","background-attachment":"scroll","background-type":"","background-media":"","overlay-type":"","overlay-color":"","overlay-opacity":"","overlay-gradient":""},"tablet":{"background-color":"","background-image":"","background-repeat":"repeat","background-position":"center center","background-size":"auto","background-attachment":"scroll","background-type":"","background-media":"","overlay-type":"","overlay-color":"","overlay-opacity":"","overlay-gradient":""},"mobile":{"background-color":"","background-image":"","background-repeat":"repeat","background-position":"center center","background-size":"auto","background-attachment":"scroll","background-type":"","background-media":"","overlay-type":"","overlay-color":"","overlay-opacity":"","overlay-gradient":""}},"ast-content-background-meta":{"desktop":{"background-color":"var(--ast-global-color-5)","background-image":"","background-repeat":"repeat","background-position":"center center","background-size":"auto","background-attachment":"scroll","background-type":"","background-media":"","overlay-type":"","overlay-color":"","overlay-opacity":"","overlay-gradient":""},"tablet":{"background-color":"var(--ast-global-color-5)","background-image":"","background-repeat":"repeat","background-position":"center center","background-size":"auto","background-attachment":"scroll","background-type":"","background-media":"","overlay-type":"","overlay-color":"","overlay-opacity":"","overlay-gradient":""},"mobile":{"background-color":"var(--ast-global-color-5)","background-image":"","background-repeat":"repeat","background-position":"center center","background-size":"auto","background-attachment":"scroll","background-type":"","background-media":"","overlay-type":"","overlay-color":"","overlay-opacity":"","overlay-gradient":""}}},"product_brand":[],"product_cat":[77],"product_tag":[],"class_list":{"0":"post-7802","1":"product","2":"type-product","3":"status-publish","4":"has-post-thumbnail","6":"product_cat-77","7":"desktop-align-left","8":"tablet-align-left","9":"mobile-align-left","11":"first","12":"instock","13":"shipping-taxable","14":"purchasable","15":"product-type-simple"},"jetpack_sharing_enabled":true,"_links":{"self":[{"href":"https:\/\/www.securityworld.uz\/index.php?rest_route=\/wp\/v2\/product\/7802"}],"collection":[{"href":"https:\/\/www.securityworld.uz\/index.php?rest_route=\/wp\/v2\/product"}],"about":[{"href":"https:\/\/www.securityworld.uz\/index.php?rest_route=\/wp\/v2\/types\/product"}],"replies":[{"embeddable":true,"href":"https:\/\/www.securityworld.uz\/index.php?rest_route=%2Fwp%2Fv2%2Fcomments&post=7802"}],"version-history":[{"count":1,"href":"https:\/\/www.securityworld.uz\/index.php?rest_route=\/wp\/v2\/product\/7802\/revisions"}],"predecessor-version":[{"id":7804,"href":"https:\/\/www.securityworld.uz\/index.php?rest_route=\/wp\/v2\/product\/7802\/revisions\/7804"}],"wp:featuredmedia":[{"embeddable":true,"href":"https:\/\/www.securityworld.uz\/index.php?rest_route=\/wp\/v2\/media\/7803"}],"wp:attachment":[{"href":"https:\/\/www.securityworld.uz\/index.php?rest_route=%2Fwp%2Fv2%2Fmedia&parent=7802"}],"wp:term":[{"taxonomy":"product_brand","embeddable":true,"href":"https:\/\/www.securityworld.uz\/index.php?rest_route=%2Fwp%2Fv2%2Fproduct_brand&post=7802"},{"taxonomy":"product_cat","embeddable":true,"href":"https:\/\/www.securityworld.uz\/index.php?rest_route=%2Fwp%2Fv2%2Fproduct_cat&post=7802"},{"taxonomy":"product_tag","embeddable":true,"href":"https:\/\/www.securityworld.uz\/index.php?rest_route=%2Fwp%2Fv2%2Fproduct_tag&post=7802"}],"curies":[{"name":"wp","href":"https:\/\/api.w.org\/{rel}","templated":true}]}}